{"id":956,"date":"2016-09-23T08:32:21","date_gmt":"2016-09-23T07:32:21","guid":{"rendered":"http:\/\/sylvie-edeline.com\/?page_id=956"},"modified":"2020-02-18T12:55:42","modified_gmt":"2020-02-18T11:55:42","slug":"radiotherapie","status":"publish","type":"page","link":"https:\/\/sylvie-edeline.com\/index.php\/radiotherapie\/","title":{"rendered":"Radioth\u00e9rapie Cancer du sein"},"content":{"rendered":"<p>Message laiss\u00e9 dans le livret de la salle d&rsquo;attente 18.11.09<\/p>\n<p>Pendant ma radioth\u00e9rapie, j&rsquo;ai vu Sylvie 2 fois par semaine, elle m&rsquo;a terriblement soulag\u00e9e de toutes les br\u00fblures que je ressentais.<\/p>\n<p>Je lui suis infiniment reconnaissante<\/p>\n<p>Sylvie est super, elle est l\u00e0 pour vous aider.<\/p>\n<p>Faites lui confiance, ouvrez votre c\u0153ur, ne vous bloquez pas, laissez vous aller et vous vous sentir mieux.<\/p>\n<p>D.Z&#8230;..<\/p>\n","protected":false},"excerpt":{"rendered":"<p>Message laiss\u00e9 dans le livret de la salle d&rsquo;attente 18.11.09 Pendant ma radioth\u00e9rapie, j&rsquo;ai vu Sylvie 2 fois par semaine, elle m&rsquo;a terriblement soulag\u00e9e de toutes les br\u00fblures que je ressentais. Je lui suis infiniment reconnaissante Sylvie est super, elle est l\u00e0 pour vous aider. Faites lui confiance, ouvrez votre c\u0153ur, ne vous bloquez pas, [&hellip;]<\/p>\n","protected":false},"author":1,"featured_media":0,"parent":0,"menu_order":0,"comment_status":"closed","ping_status":"closed","template":"","meta":[],"_links":{"self":[{"href":"https:\/\/sylvie-edeline.com\/index.php\/wp-json\/wp\/v2\/pages\/956"}],"collection":[{"href":"https:\/\/sylvie-edeline.com\/index.php\/wp-json\/wp\/v2\/pages"}],"about":[{"href":"https:\/\/sylvie-edeline.com\/index.php\/wp-json\/wp\/v2\/types\/page"}],"author":[{"embeddable":true,"href":"https:\/\/sylvie-edeline.com\/index.php\/wp-json\/wp\/v2\/users\/1"}],"replies":[{"embeddable":true,"href":"https:\/\/sylvie-edeline.com\/index.php\/wp-json\/wp\/v2\/comments?post=956"}],"version-history":[{"count":2,"href":"https:\/\/sylvie-edeline.com\/index.php\/wp-json\/wp\/v2\/pages\/956\/revisions"}],"predecessor-version":[{"id":1870,"href":"https:\/\/sylvie-edeline.com\/index.php\/wp-json\/wp\/v2\/pages\/956\/revisions\/1870"}],"wp:attachment":[{"href":"https:\/\/sylvie-edeline.com\/index.php\/wp-json\/wp\/v2\/media?parent=956"}],"curies":[{"name":"wp","href":"https:\/\/api.w.org\/{rel}","templated":true}]}}