{"id":962,"date":"2016-09-23T08:37:10","date_gmt":"2016-09-23T07:37:10","guid":{"rendered":"http:\/\/sylvie-edeline.com\/?page_id=962"},"modified":"2016-09-23T08:37:10","modified_gmt":"2016-09-23T07:37:10","slug":"etre-soi-meme","status":"publish","type":"page","link":"https:\/\/sylvie-edeline.com\/index.php\/etre-soi-meme\/","title":{"rendered":"Etre Soi-M\u00eame"},"content":{"rendered":"<p>Message laiss\u00e9 dans le livret de la salle d&rsquo;attente 15.04.2011<\/p>\n<p>&nbsp;<\/p>\n<p>Quoi dire \u00e0 part MERCI!!!!<\/p>\n<p>D&rsquo;avoir su m&rsquo;autoriser \u00e0 \u00eatre moi-m\u00eame<\/p>\n<p>D&rsquo;\u00eatre moi-m\u00eame, en v\u00e9rit\u00e9 et accord.<\/p>\n","protected":false},"excerpt":{"rendered":"<p>Message laiss\u00e9 dans le livret de la salle d&rsquo;attente 15.04.2011 &nbsp; Quoi dire \u00e0 part MERCI!!!! D&rsquo;avoir su m&rsquo;autoriser \u00e0 \u00eatre moi-m\u00eame D&rsquo;\u00eatre moi-m\u00eame, en v\u00e9rit\u00e9 et accord.<\/p>\n","protected":false},"author":1,"featured_media":0,"parent":0,"menu_order":0,"comment_status":"closed","ping_status":"closed","template":"","meta":[],"_links":{"self":[{"href":"https:\/\/sylvie-edeline.com\/index.php\/wp-json\/wp\/v2\/pages\/962"}],"collection":[{"href":"https:\/\/sylvie-edeline.com\/index.php\/wp-json\/wp\/v2\/pages"}],"about":[{"href":"https:\/\/sylvie-edeline.com\/index.php\/wp-json\/wp\/v2\/types\/page"}],"author":[{"embeddable":true,"href":"https:\/\/sylvie-edeline.com\/index.php\/wp-json\/wp\/v2\/users\/1"}],"replies":[{"embeddable":true,"href":"https:\/\/sylvie-edeline.com\/index.php\/wp-json\/wp\/v2\/comments?post=962"}],"version-history":[{"count":1,"href":"https:\/\/sylvie-edeline.com\/index.php\/wp-json\/wp\/v2\/pages\/962\/revisions"}],"predecessor-version":[{"id":963,"href":"https:\/\/sylvie-edeline.com\/index.php\/wp-json\/wp\/v2\/pages\/962\/revisions\/963"}],"wp:attachment":[{"href":"https:\/\/sylvie-edeline.com\/index.php\/wp-json\/wp\/v2\/media?parent=962"}],"curies":[{"name":"wp","href":"https:\/\/api.w.org\/{rel}","templated":true}]}}