{"id":964,"date":"2016-09-23T08:39:30","date_gmt":"2016-09-23T07:39:30","guid":{"rendered":"http:\/\/sylvie-edeline.com\/?page_id=964"},"modified":"2016-09-23T08:39:59","modified_gmt":"2016-09-23T07:39:59","slug":"zona-2","status":"publish","type":"page","link":"https:\/\/sylvie-edeline.com\/index.php\/zona-2\/","title":{"rendered":"Zona"},"content":{"rendered":"<p>Message laiss\u00e9 dans le livret de la salle d&rsquo;attente\u00a003.05.2011<\/p>\n<p>&nbsp;<\/p>\n<p>Apr\u00e8s une seule s\u00e9ance, le zona \u00e0 l&rsquo;aine de mon fils s&rsquo;est completement ass\u00e9ch\u00e9 en 3 jours et plus de douleurs.<\/p>\n<p>Merci<\/p>\n<p>O&#8230;<\/p>\n<p>Nous revenons pour un acn\u00e9&#8230; \u00e0 suivre.<\/p>\n","protected":false},"excerpt":{"rendered":"<p>Message laiss\u00e9 dans le livret de la salle d&rsquo;attente\u00a003.05.2011 &nbsp; Apr\u00e8s une seule s\u00e9ance, le zona \u00e0 l&rsquo;aine de mon fils s&rsquo;est completement ass\u00e9ch\u00e9 en 3 jours et plus de douleurs. Merci O&#8230; Nous revenons pour un acn\u00e9&#8230; \u00e0 suivre.<\/p>\n","protected":false},"author":1,"featured_media":0,"parent":0,"menu_order":0,"comment_status":"closed","ping_status":"closed","template":"","meta":[],"_links":{"self":[{"href":"https:\/\/sylvie-edeline.com\/index.php\/wp-json\/wp\/v2\/pages\/964"}],"collection":[{"href":"https:\/\/sylvie-edeline.com\/index.php\/wp-json\/wp\/v2\/pages"}],"about":[{"href":"https:\/\/sylvie-edeline.com\/index.php\/wp-json\/wp\/v2\/types\/page"}],"author":[{"embeddable":true,"href":"https:\/\/sylvie-edeline.com\/index.php\/wp-json\/wp\/v2\/users\/1"}],"replies":[{"embeddable":true,"href":"https:\/\/sylvie-edeline.com\/index.php\/wp-json\/wp\/v2\/comments?post=964"}],"version-history":[{"count":1,"href":"https:\/\/sylvie-edeline.com\/index.php\/wp-json\/wp\/v2\/pages\/964\/revisions"}],"predecessor-version":[{"id":965,"href":"https:\/\/sylvie-edeline.com\/index.php\/wp-json\/wp\/v2\/pages\/964\/revisions\/965"}],"wp:attachment":[{"href":"https:\/\/sylvie-edeline.com\/index.php\/wp-json\/wp\/v2\/media?parent=964"}],"curies":[{"name":"wp","href":"https:\/\/api.w.org\/{rel}","templated":true}]}}