{"id":966,"date":"2016-09-23T08:42:01","date_gmt":"2016-09-23T07:42:01","guid":{"rendered":"http:\/\/sylvie-edeline.com\/?page_id=966"},"modified":"2020-01-21T19:03:41","modified_gmt":"2020-01-21T18:03:41","slug":"brulure-du-zona","status":"publish","type":"page","link":"https:\/\/sylvie-edeline.com\/index.php\/brulure-du-zona\/","title":{"rendered":"Br\u00fblure du Zona"},"content":{"rendered":"<p>Message laiss\u00e9 dans le livret de la salle d&rsquo;attente&nbsp;22.08.2011<\/p>\n<p>Une s\u00e9ance et mamie a vu dispara\u00eetre les br\u00fblures dues \u00e0 un violent zona. SUPER&#8230; et merci pour votre accueil et votre efficacit\u00e9.<\/p>\n<p>M..<\/p>\n","protected":false},"excerpt":{"rendered":"<p>Message laiss\u00e9 dans le livret de la salle d&rsquo;attente&nbsp;22.08.2011 Une s\u00e9ance et mamie a vu dispara\u00eetre les br\u00fblures dues \u00e0 un violent zona. SUPER&#8230; et merci pour votre accueil et votre efficacit\u00e9. M..<\/p>\n","protected":false},"author":1,"featured_media":0,"parent":0,"menu_order":0,"comment_status":"closed","ping_status":"closed","template":"","meta":[],"_links":{"self":[{"href":"https:\/\/sylvie-edeline.com\/index.php\/wp-json\/wp\/v2\/pages\/966"}],"collection":[{"href":"https:\/\/sylvie-edeline.com\/index.php\/wp-json\/wp\/v2\/pages"}],"about":[{"href":"https:\/\/sylvie-edeline.com\/index.php\/wp-json\/wp\/v2\/types\/page"}],"author":[{"embeddable":true,"href":"https:\/\/sylvie-edeline.com\/index.php\/wp-json\/wp\/v2\/users\/1"}],"replies":[{"embeddable":true,"href":"https:\/\/sylvie-edeline.com\/index.php\/wp-json\/wp\/v2\/comments?post=966"}],"version-history":[{"count":2,"href":"https:\/\/sylvie-edeline.com\/index.php\/wp-json\/wp\/v2\/pages\/966\/revisions"}],"predecessor-version":[{"id":1836,"href":"https:\/\/sylvie-edeline.com\/index.php\/wp-json\/wp\/v2\/pages\/966\/revisions\/1836"}],"wp:attachment":[{"href":"https:\/\/sylvie-edeline.com\/index.php\/wp-json\/wp\/v2\/media?parent=966"}],"curies":[{"name":"wp","href":"https:\/\/api.w.org\/{rel}","templated":true}]}}