{"id":972,"date":"2016-09-23T08:50:43","date_gmt":"2016-09-23T07:50:43","guid":{"rendered":"http:\/\/sylvie-edeline.com\/?page_id=972"},"modified":"2016-09-23T08:50:43","modified_gmt":"2016-09-23T07:50:43","slug":"zona-et-recul-sur-les-inquietudes","status":"publish","type":"page","link":"https:\/\/sylvie-edeline.com\/index.php\/zona-et-recul-sur-les-inquietudes\/","title":{"rendered":"Zona et Recul sur les inqui\u00e9tudes"},"content":{"rendered":"<p>Message laiss\u00e9 dans le livret de la salle d&rsquo;attente\u00a031.01.2014<\/p>\n<p>Encore merci pour l&rsquo;apaisement de mes br\u00fblures lors de mon zona de mi d\u00e9cembre 2013 (br\u00fblures apais\u00e9s en 2 s\u00e9ances)<\/p>\n<p>Je vois \u00e9galement les soucis de mon mari plus sereinement<\/p>\n<p>Merci pour votre \u00e9coute.<\/p>\n<p>Monique<\/p>\n","protected":false},"excerpt":{"rendered":"<p>Message laiss\u00e9 dans le livret de la salle d&rsquo;attente\u00a031.01.2014 Encore merci pour l&rsquo;apaisement de mes br\u00fblures lors de mon zona de mi d\u00e9cembre 2013 (br\u00fblures apais\u00e9s en 2 s\u00e9ances) Je vois \u00e9galement les soucis de mon mari plus sereinement Merci pour votre \u00e9coute. Monique<\/p>\n","protected":false},"author":1,"featured_media":0,"parent":0,"menu_order":0,"comment_status":"closed","ping_status":"closed","template":"","meta":[],"_links":{"self":[{"href":"https:\/\/sylvie-edeline.com\/index.php\/wp-json\/wp\/v2\/pages\/972"}],"collection":[{"href":"https:\/\/sylvie-edeline.com\/index.php\/wp-json\/wp\/v2\/pages"}],"about":[{"href":"https:\/\/sylvie-edeline.com\/index.php\/wp-json\/wp\/v2\/types\/page"}],"author":[{"embeddable":true,"href":"https:\/\/sylvie-edeline.com\/index.php\/wp-json\/wp\/v2\/users\/1"}],"replies":[{"embeddable":true,"href":"https:\/\/sylvie-edeline.com\/index.php\/wp-json\/wp\/v2\/comments?post=972"}],"version-history":[{"count":1,"href":"https:\/\/sylvie-edeline.com\/index.php\/wp-json\/wp\/v2\/pages\/972\/revisions"}],"predecessor-version":[{"id":973,"href":"https:\/\/sylvie-edeline.com\/index.php\/wp-json\/wp\/v2\/pages\/972\/revisions\/973"}],"wp:attachment":[{"href":"https:\/\/sylvie-edeline.com\/index.php\/wp-json\/wp\/v2\/media?parent=972"}],"curies":[{"name":"wp","href":"https:\/\/api.w.org\/{rel}","templated":true}]}}