{"id":974,"date":"2016-09-23T08:53:13","date_gmt":"2016-09-23T07:53:13","guid":{"rendered":"http:\/\/sylvie-edeline.com\/?page_id=974"},"modified":"2016-09-23T08:53:13","modified_gmt":"2016-09-23T07:53:13","slug":"moment-decoute","status":"publish","type":"page","link":"https:\/\/sylvie-edeline.com\/index.php\/moment-decoute\/","title":{"rendered":"Moment d&rsquo;Ecoute"},"content":{"rendered":"<p>Message laiss\u00e9 dans le livret de la salle d&rsquo;attente\u00a003.2014<\/p>\n<p>&nbsp;<\/p>\n<p>Merci pour ces moments d&rsquo;\u00e9coute, de d\u00e9tente et de paix, gr\u00e2ce \u00e0 votre grande sagesse et professionnalisme et gentillesse.<\/p>\n<p>A bient\u00f4t<\/p>\n<p>&nbsp;<\/p>\n<p>&nbsp;<\/p>\n","protected":false},"excerpt":{"rendered":"<p>Message laiss\u00e9 dans le livret de la salle d&rsquo;attente\u00a003.2014 &nbsp; Merci pour ces moments d&rsquo;\u00e9coute, de d\u00e9tente et de paix, gr\u00e2ce \u00e0 votre grande sagesse et professionnalisme et gentillesse. A bient\u00f4t &nbsp; &nbsp;<\/p>\n","protected":false},"author":1,"featured_media":0,"parent":0,"menu_order":0,"comment_status":"closed","ping_status":"closed","template":"","meta":[],"_links":{"self":[{"href":"https:\/\/sylvie-edeline.com\/index.php\/wp-json\/wp\/v2\/pages\/974"}],"collection":[{"href":"https:\/\/sylvie-edeline.com\/index.php\/wp-json\/wp\/v2\/pages"}],"about":[{"href":"https:\/\/sylvie-edeline.com\/index.php\/wp-json\/wp\/v2\/types\/page"}],"author":[{"embeddable":true,"href":"https:\/\/sylvie-edeline.com\/index.php\/wp-json\/wp\/v2\/users\/1"}],"replies":[{"embeddable":true,"href":"https:\/\/sylvie-edeline.com\/index.php\/wp-json\/wp\/v2\/comments?post=974"}],"version-history":[{"count":1,"href":"https:\/\/sylvie-edeline.com\/index.php\/wp-json\/wp\/v2\/pages\/974\/revisions"}],"predecessor-version":[{"id":975,"href":"https:\/\/sylvie-edeline.com\/index.php\/wp-json\/wp\/v2\/pages\/974\/revisions\/975"}],"wp:attachment":[{"href":"https:\/\/sylvie-edeline.com\/index.php\/wp-json\/wp\/v2\/media?parent=974"}],"curies":[{"name":"wp","href":"https:\/\/api.w.org\/{rel}","templated":true}]}}