{"id":976,"date":"2016-09-23T09:01:45","date_gmt":"2016-09-23T08:01:45","guid":{"rendered":"http:\/\/sylvie-edeline.com\/?page_id=976"},"modified":"2016-09-23T09:02:13","modified_gmt":"2016-09-23T08:02:13","slug":"976-2","status":"publish","type":"page","link":"https:\/\/sylvie-edeline.com\/index.php\/976-2\/","title":{"rendered":"Radioth\u00e9rapie"},"content":{"rendered":"<p>Message laiss\u00e9 dans le livret de la salle d&rsquo;attente\u00a024.08.2014<\/p>\n<p>&nbsp;<\/p>\n<p>Une profonde admiration et toute ma reconnaissance pour votre travail suivi et s\u00e9rieux et votre accueil chaleureux.<\/p>\n<p>Vous avez d&rsquo;abord trait\u00e9 mon zona, pris au d\u00e9but, je n&rsquo;ai eu aucune douleur et il ne s&rsquo;est pas \u00e9tendu.<\/p>\n<p>Puis vous etes intervenue apr\u00e8s ma premi\u00e8re cure de chimio. J avais des effets secondaires terribles et perdu 3 kg en 2jours.<\/p>\n<p>Je suis venue et apr\u00e8s une ou deux s\u00e9ances toutes les cures suivantes, aucun probl\u00e8me<\/p>\n<p>Quel confort.<\/p>\n<p>Je reviens aujourd\u2019hui pour la fin de ma radioth\u00e9rapie afin que les derni\u00e8res s\u00e9ances me provoquent aucune br\u00fblure.<\/p>\n<p>merci pour votre \u00e9coute et votre professionnalisme<\/p>\n<p>Nicole<\/p>\n<p>&nbsp;<\/p>\n","protected":false},"excerpt":{"rendered":"<p>Message laiss\u00e9 dans le livret de la salle d&rsquo;attente\u00a024.08.2014 &nbsp; Une profonde admiration et toute ma reconnaissance pour votre travail suivi et s\u00e9rieux et votre accueil chaleureux. Vous avez d&rsquo;abord trait\u00e9 mon zona, pris au d\u00e9but, je n&rsquo;ai eu aucune douleur et il ne s&rsquo;est pas \u00e9tendu. Puis vous etes intervenue apr\u00e8s ma premi\u00e8re cure [&hellip;]<\/p>\n","protected":false},"author":1,"featured_media":0,"parent":0,"menu_order":0,"comment_status":"closed","ping_status":"closed","template":"","meta":[],"_links":{"self":[{"href":"https:\/\/sylvie-edeline.com\/index.php\/wp-json\/wp\/v2\/pages\/976"}],"collection":[{"href":"https:\/\/sylvie-edeline.com\/index.php\/wp-json\/wp\/v2\/pages"}],"about":[{"href":"https:\/\/sylvie-edeline.com\/index.php\/wp-json\/wp\/v2\/types\/page"}],"author":[{"embeddable":true,"href":"https:\/\/sylvie-edeline.com\/index.php\/wp-json\/wp\/v2\/users\/1"}],"replies":[{"embeddable":true,"href":"https:\/\/sylvie-edeline.com\/index.php\/wp-json\/wp\/v2\/comments?post=976"}],"version-history":[{"count":2,"href":"https:\/\/sylvie-edeline.com\/index.php\/wp-json\/wp\/v2\/pages\/976\/revisions"}],"predecessor-version":[{"id":978,"href":"https:\/\/sylvie-edeline.com\/index.php\/wp-json\/wp\/v2\/pages\/976\/revisions\/978"}],"wp:attachment":[{"href":"https:\/\/sylvie-edeline.com\/index.php\/wp-json\/wp\/v2\/media?parent=976"}],"curies":[{"name":"wp","href":"https:\/\/api.w.org\/{rel}","templated":true}]}}