{"id":998,"date":"2016-09-23T09:20:33","date_gmt":"2016-09-23T08:20:33","guid":{"rendered":"http:\/\/sylvie-edeline.com\/?page_id=998"},"modified":"2016-09-23T09:20:49","modified_gmt":"2016-09-23T08:20:49","slug":"depression","status":"publish","type":"page","link":"https:\/\/sylvie-edeline.com\/index.php\/depression\/","title":{"rendered":"D\u00e9pression"},"content":{"rendered":"<p>Message laiss\u00e9 dans le livret de la salle d&rsquo;attente\u00a025.05.2015<\/p>\n<p>&nbsp;<\/p>\n<p>Merci Sylvie de m&rsquo;avoir aid\u00e9 \u00e0 me sortir d&rsquo;une terrible d\u00e9pression.<\/p>\n<p>Quel bonheur de retrouver ma joie de vivre et d&rsquo;aller \u00e0 l&rsquo;essentiel des bonheurs de la vie.<\/p>\n<p>Vous avez \u00e9galement contribu\u00e9 au bien \u00eatre de deux charmantes petites filles de 5ans et 6ans qui gr\u00e2ce \u00e0 vous sont beaucoup moins stress\u00e9es et plus a l&rsquo;aise a l\u2019\u00e9cole.<\/p>\n<p>Continuez \u00e0 faire du bien autour de vous.<\/p>\n<p>Nathalie<\/p>\n","protected":false},"excerpt":{"rendered":"<p>Message laiss\u00e9 dans le livret de la salle d&rsquo;attente\u00a025.05.2015 &nbsp; Merci Sylvie de m&rsquo;avoir aid\u00e9 \u00e0 me sortir d&rsquo;une terrible d\u00e9pression. Quel bonheur de retrouver ma joie de vivre et d&rsquo;aller \u00e0 l&rsquo;essentiel des bonheurs de la vie. Vous avez \u00e9galement contribu\u00e9 au bien \u00eatre de deux charmantes petites filles de 5ans et 6ans qui [&hellip;]<\/p>\n","protected":false},"author":1,"featured_media":0,"parent":0,"menu_order":0,"comment_status":"closed","ping_status":"closed","template":"","meta":[],"_links":{"self":[{"href":"https:\/\/sylvie-edeline.com\/index.php\/wp-json\/wp\/v2\/pages\/998"}],"collection":[{"href":"https:\/\/sylvie-edeline.com\/index.php\/wp-json\/wp\/v2\/pages"}],"about":[{"href":"https:\/\/sylvie-edeline.com\/index.php\/wp-json\/wp\/v2\/types\/page"}],"author":[{"embeddable":true,"href":"https:\/\/sylvie-edeline.com\/index.php\/wp-json\/wp\/v2\/users\/1"}],"replies":[{"embeddable":true,"href":"https:\/\/sylvie-edeline.com\/index.php\/wp-json\/wp\/v2\/comments?post=998"}],"version-history":[{"count":1,"href":"https:\/\/sylvie-edeline.com\/index.php\/wp-json\/wp\/v2\/pages\/998\/revisions"}],"predecessor-version":[{"id":999,"href":"https:\/\/sylvie-edeline.com\/index.php\/wp-json\/wp\/v2\/pages\/998\/revisions\/999"}],"wp:attachment":[{"href":"https:\/\/sylvie-edeline.com\/index.php\/wp-json\/wp\/v2\/media?parent=998"}],"curies":[{"name":"wp","href":"https:\/\/api.w.org\/{rel}","templated":true}]}}